{"id":31995,"date":"2026-04-10T08:11:37","date_gmt":"2026-04-10T08:11:37","guid":{"rendered":"https:\/\/genetiniaiistekliai.premiumspace24.com\/?page_id=31995"},"modified":"2026-04-22T09:21:13","modified_gmt":"2026-04-22T09:21:13","slug":"lesos-veiklos-viesinimui","status":"publish","type":"page","link":"https:\/\/genetiniaiistekliai.lt\/index.php\/lesos-veiklos-viesinimui\/","title":{"rendered":"L\u0117\u0161os veiklos vie\u0161inimui"},"content":{"rendered":"<div class=\"wpb-content-wrapper\"><p>[vc_row][vc_column][vc_raw_html css=&#8221;&#8221;]JTNDc2VjdGlvbiUyMGNsYXNzJTNEJTIyaW5mby1zZWN0aW9uJTIyJTNFJTBEJTBBJTIwJTIwJTNDZGl2JTIwY2xhc3MlM0QlMjJpbmZvLWNvbnRhaW5lciUyMiUzRSUwRCUwQSUyMCUyMCUyMCUyMCUzQ2RpdiUyMGNsYXNzJTNEJTIyaW5mby1ib3glMjIlM0UlMEQlMEElMjAlMjAlMjAlMjAlMjAlMjAlM0NzcGFuJTIwY2xhc3MlM0QlMjJpbmZvLWxhYmVsJTIyJTNFVmllJUM1JUExdW1hcyUzQyUyRnNwYW4lM0UlMEQlMEElMjAlMjAlMjAlMjAlMjAlMjAlM0NoMiUzRUwlQzQlOTclQzUlQTFvcyUyMHZlaWtsb3MlMjB2aWUlQzUlQTFpbmltdWklM0MlMkZoMiUzRSUwRCUwQSUyMCUyMCUyMCUyMCUyMCUyMCUzQ3AlM0UlMEQlMEElMjAlMjAlMjAlMjAlMjAlMjAlMjAlMjAlQzUlQTBpb2plJTIwc2tpbHR5amUlMjBwYXRlaWtpYW1hJTIwaW5mb3JtYWNpamElMjBhcGllJTIwVUFCJTIwJUUyJTgwJTlFR2VuZXRpbmlhaSUyMGklQzUlQTF0ZWtsaWFpJUUyJTgwJTlDJTBEJTBBJTIwJTIwJTIwJTIwJTIwJTIwJTIwJTIwc2tpcnRhcyUyMGFyJTIwcGFuYXVkb3RhcyUyMGwlQzQlOTclQzUlQTFhcyUyMHZlaWtsb3MlMjB2aWUlQzUlQTFpbmltdWklMkMlMjB1JUM1JUJFdGlrcmluYW50JTIwaW5mb3JtYWNpam9zJTBEJTBBJTIwJTIwJTIwJTIwJTIwJTIwJTIwJTIwc2thaWRydW0lQzQlODUlMjBpciUyMHByaWVpbmFtdW0lQzQlODUlMjB2aXN1b21lbmVpLiUwRCUwQSUyMCUyMCUyMCUyMCUyMCUyMCUzQyUyRnAlM0UlMEQlMEElMjAlMjAlMjAlMjAlM0MlMkZkaXYlM0UlMEQlMEElMjAlMjAlM0MlMkZkaXYlM0UlMEQlMEElM0MlMkZzZWN0aW9uJTNF[\/vc_raw_html][\/vc_column][\/vc_row][vc_row][vc_column]<div class=\"basel-button-wrapper text-center btn-inline\"><a href=\"https:\/\/genetiniaiistekliai.premiumspace24.com\/wp-content\/uploads\/2026\/04\/Lesos-viesinimui-2023-m.pdf\" title=\"\" target=\"_blank\" class=\"btn btn-color-primary btn-style-round btn-size-large\">L\u0117\u0161os vie\u0161inimui 2023-m..pdf<\/a><\/div>[\/vc_column][\/vc_row][vc_row][vc_column]<div class=\"basel-button-wrapper text-center btn-inline\"><a href=\"https:\/\/genetiniaiistekliai.premiumspace24.com\/wp-content\/uploads\/2026\/04\/Lesos-viesinimui-2024-m.pdf\" title=\"\" target=\"_blank\" class=\"btn btn-color-primary btn-style-round btn-size-large\">L\u0117\u0161os vie\u0161inimui 2024-m..pdf<\/a><\/div>[\/vc_column][\/vc_row][vc_row][vc_column]<div class=\"basel-button-wrapper text-center btn-inline\"><a href=\"https:\/\/genetiniaiistekliai.premiumspace24.com\/wp-content\/uploads\/2026\/04\/lesos-viesinimui-2025-m.1.odt\" title=\"\" target=\"_blank\" class=\"btn btn-color-primary btn-style-round btn-size-large\">L\u0117\u0161os vie\u0161inimui 2025 m.1.pdf<\/a><\/div>[\/vc_column][\/vc_row]<\/p>\n<\/div>","protected":false},"excerpt":{"rendered":"<p>[vc_row][vc_column][vc_raw_html css=&#8221;&#8221;]JTNDc2VjdGlvbiUyMGNsYXNzJTNEJTIyaW5mby1zZWN0aW9uJTIyJTNFJTBEJTBBJTIwJTIwJTNDZGl2JTIwY2xhc3MlM0QlMjJpbmZvLWNvbnRhaW5lciUyMiUzRSUwRCUwQSUyMCUyMCUyMCUyMCUzQ2RpdiUyMGNsYXNzJTNEJTIyaW5mby1ib3glMjIlM0UlMEQlMEElMjAlMjAlMjAlMjAlMjAlMjAlM0NzcGFuJTIwY2xhc3MlM0QlMjJpbmZvLWxhYmVsJTIyJTNFVmllJUM1JUExdW1hcyUzQyUyRnNwYW4lM0UlMEQlMEElMjAlMjAlMjAlMjAlMjAlMjAlM0NoMiUzRUwlQzQlOTclQzUlQTFvcyUyMHZlaWtsb3MlMjB2aWUlQzUlQTFpbmltdWklM0MlMkZoMiUzRSUwRCUwQSUyMCUyMCUyMCUyMCUyMCUyMCUzQ3AlM0UlMEQlMEElMjAlMjAlMjAlMjAlMjAlMjAlMjAlMjAlQzUlQTBpb2plJTIwc2tpbHR5amUlMjBwYXRlaWtpYW1hJTIwaW5mb3JtYWNpamElMjBhcGllJTIwVUFCJTIwJUUyJTgwJTlFR2VuZXRpbmlhaSUyMGklQzUlQTF0ZWtsaWFpJUUyJTgwJTlDJTBEJTBBJTIwJTIwJTIwJTIwJTIwJTIwJTIwJTIwc2tpcnRhcyUyMGFyJTIwcGFuYXVkb3RhcyUyMGwlQzQlOTclQzUlQTFhcyUyMHZlaWtsb3MlMjB2aWUlQzUlQTFpbmltdWklMkMlMjB1JUM1JUJFdGlrcmluYW50JTIwaW5mb3JtYWNpam9zJTBEJTBBJTIwJTIwJTIwJTIwJTIwJTIwJTIwJTIwc2thaWRydW0lQzQlODUlMjBpciUyMHByaWVpbmFtdW0lQzQlODUlMjB2aXN1b21lbmVpLiUwRCUwQSUyMCUyMCUyMCUyMCUyMCUyMCUzQyUyRnAlM0UlMEQlMEElMjAlMjAlMjAlMjAlM0MlMkZkaXYlM0UlMEQlMEElMjAlMjAlM0MlMkZkaXYlM0UlMEQlMEElM0MlMkZzZWN0aW9uJTNF[\/vc_raw_html][\/vc_column][\/vc_row][vc_row][vc_column][\/vc_column][\/vc_row][vc_row][vc_column][\/vc_column][\/vc_row][vc_row][vc_column][\/vc_column][\/vc_row]<\/p>\n","protected":false},"author":1,"featured_media":0,"parent":0,"menu_order":0,"comment_status":"closed","ping_status":"closed","template":"","meta":{"footnotes":""},"class_list":["post-31995","page","type-page","status-publish","hentry"],"_links":{"self":[{"href":"https:\/\/genetiniaiistekliai.lt\/index.php\/wp-json\/wp\/v2\/pages\/31995","targetHints":{"allow":["GET"]}}],"collection":[{"href":"https:\/\/genetiniaiistekliai.lt\/index.php\/wp-json\/wp\/v2\/pages"}],"about":[{"href":"https:\/\/genetiniaiistekliai.lt\/index.php\/wp-json\/wp\/v2\/types\/page"}],"author":[{"embeddable":true,"href":"https:\/\/genetiniaiistekliai.lt\/index.php\/wp-json\/wp\/v2\/users\/1"}],"replies":[{"embeddable":true,"href":"https:\/\/genetiniaiistekliai.lt\/index.php\/wp-json\/wp\/v2\/comments?post=31995"}],"version-history":[{"count":6,"href":"https:\/\/genetiniaiistekliai.lt\/index.php\/wp-json\/wp\/v2\/pages\/31995\/revisions"}],"predecessor-version":[{"id":32483,"href":"https:\/\/genetiniaiistekliai.lt\/index.php\/wp-json\/wp\/v2\/pages\/31995\/revisions\/32483"}],"wp:attachment":[{"href":"https:\/\/genetiniaiistekliai.lt\/index.php\/wp-json\/wp\/v2\/media?parent=31995"}],"curies":[{"name":"wp","href":"https:\/\/api.w.org\/{rel}","templated":true}]}}