{"id":31972,"date":"2026-04-10T08:00:49","date_gmt":"2026-04-10T08:00:49","guid":{"rendered":"https:\/\/genetiniaiistekliai.premiumspace24.com\/?page_id=31972"},"modified":"2026-04-22T08:48:22","modified_gmt":"2026-04-22T08:48:22","slug":"korupcijos-prevencija","status":"publish","type":"page","link":"https:\/\/genetiniaiistekliai.lt\/index.php\/korupcijos-prevencija\/","title":{"rendered":"Korupcijos prevencija"},"content":{"rendered":"<div class=\"wpb-content-wrapper\"><p>[vc_row][vc_column][vc_raw_html css=&#8221;&#8221;]JTNDc2VjdGlvbiUyMGNsYXNzJTNEJTIyaW5mby1zZWN0aW9uJTIyJTNFJTBEJTBBJTIwJTIwJTNDZGl2JTIwY2xhc3MlM0QlMjJpbmZvLWNvbnRhaW5lciUyMiUzRSUwRCUwQSUyMCUyMCUyMCUyMCUzQ2RpdiUyMGNsYXNzJTNEJTIyaW5mby1ib3glMjIlM0UlMEQlMEElMjAlMjAlMjAlMjAlMjAlMjAlM0NzcGFuJTIwY2xhc3MlM0QlMjJpbmZvLWxhYmVsJTIyJTNFU2thaWRydW1hcyUzQyUyRnNwYW4lM0UlMEQlMEElMjAlMjAlMjAlMjAlMjAlMjAlM0NoMiUzRUtvcnVwY2lqb3MlMjBwcmV2ZW5jaWphJTNDJTJGaDIlM0UlMEQlMEElMjAlMjAlMjAlMjAlMjAlMjAlM0NwJTNFJTBEJTBBJTIwJTIwJTIwJTIwJTIwJTIwJTIwJTIwJUM1JUEwaW9qZSUyMHNraWx0eWplJTIwcGF0ZWlraWFtYSUyMGluZm9ybWFjaWphJTIwYXBpZSUyMFVBQiUyMCVFMiU4MCU5RUdlbmV0aW5pYWklMjBpJUM1JUExdGVrbGlhaSVFMiU4MCU5QyUwRCUwQSUyMCUyMCUyMCUyMCUyMCUyMCUyMCUyMHRhaWtvbWFzJTIwa29ydXBjaWpvcyUyMHByZXZlbmNpam9zJTIwcHJpZW1vbmVzJTJDJTIwcG9saXRpayVDNCU4NSUyQyUyMHZlaWtzbSVDNSVCMyUyMHBsYW51cyUyMGlyJTBEJTBBJTIwJTIwJTIwJTIwJTIwJTIwJTIwJTIwYXRzYWtpbmdvJTIwdmVpa2ltbyUyMHByaW5jaXB1cyUyQyUyMHNraXJ0dXMlMjBza2FpZHJpYWklMjBpciUyMHBhdGlraW1haSUyMHZlaWtsYWklMjB1JUM1JUJFdGlrcmludGkuJTBEJTBBJTIwJTIwJTIwJTIwJTIwJTIwJTNDJTJGcCUzRSUwRCUwQSUyMCUyMCUyMCUyMCUzQyUyRmRpdiUzRSUwRCUwQSUyMCUyMCUzQyUyRmRpdiUzRSUwRCUwQSUzQyUyRnNlY3Rpb24lM0U=[\/vc_raw_html][\/vc_column][\/vc_row][vc_row][vc_column]<div class=\"basel-button-wrapper text-center btn-inline\"><a href=\"https:\/\/genetiniaiistekliai.premiumspace24.com\/wp-content\/uploads\/2026\/04\/isakymas-ir-uab-genetiniai-istekliai-lukesciu-rastas1.pdf\" title=\"\" target=\"_blank\" class=\"btn btn-color-primary btn-style-round btn-size-large\"><strong>2021 metai<\/strong><\/a><\/div>[\/vc_column][\/vc_row][vc_row][vc_column]<div class=\"basel-button-wrapper text-center btn-inline\"><a href=\"https:\/\/genetiniaiistekliai.premiumspace24.com\/wp-content\/uploads\/2026\/04\/korupcijos-tikimybes-isvada-2021-m1.docx\" title=\"\" target=\"_blank\" class=\"btn btn-color-primary btn-style-round btn-size-small\">Korupcijos tikimybes i\u0161vada 2021 m1.docx<\/a><\/div>[\/vc_column][\/vc_row][vc_row][vc_column]<div class=\"basel-button-wrapper text-center btn-inline\"><a href=\"https:\/\/genetiniaiistekliai.premiumspace24.com\/wp-content\/uploads\/2026\/04\/Kovos-su-korupcija-programa.doc-2021.doc\" title=\"\" target=\"_blank\" class=\"btn btn-color-primary btn-style-round btn-size-small\">Kovos su korupcija programa.doc<\/a><\/div>[\/vc_column][\/vc_row][vc_row][vc_column]<div class=\"basel-button-wrapper text-center btn-inline\"><a href=\"https:\/\/genetiniaiistekliai.premiumspace24.com\/wp-content\/uploads\/2026\/04\/2020-2023-m_priemoniu-planas.doc\" title=\"\" target=\"_blank\" class=\"btn btn-color-primary btn-style-round btn-size-small\">2020-2023 m priemoni\u0173 planas.doc<\/a><\/div>[\/vc_column][\/vc_row][vc_row][vc_column][vc_empty_space][\/vc_column][\/vc_row][vc_row][vc_column]<div class=\"basel-button-wrapper text-center btn-inline\"><a href=\"https:\/\/genetiniaiistekliai.premiumspace24.com\/wp-content\/uploads\/2026\/04\/isakymas-ir-uab-genetiniai-istekliai-lukesciu-rastas1.pdf\" title=\"\" target=\"_blank\" class=\"btn btn-color-primary btn-style-round btn-size-large\"><strong>2022 metai<\/strong><\/a><\/div>[\/vc_column][\/vc_row][vc_row][vc_column]<div class=\"basel-button-wrapper text-center btn-inline\"><a href=\"https:\/\/genetiniaiistekliai.premiumspace24.com\/wp-content\/uploads\/2026\/04\/Isvada-del-korupcijos-pasireiskimo-tikimybes-nustatymo-2022-m.pdf\" title=\"\" target=\"_blank\" class=\"btn btn-color-primary btn-style-round btn-size-small\">I\u0161vada d\u0117l korupcijos pasirei\u0161kimo tikimybes nustatymo-2022-m.pdf<\/a><\/div>[\/vc_column][\/vc_row][vc_row][vc_column][vc_empty_space][\/vc_column][\/vc_row][vc_row][vc_column]<div class=\"basel-button-wrapper text-center btn-inline\"><a href=\"https:\/\/genetiniaiistekliai.premiumspace24.com\/wp-content\/uploads\/2026\/04\/isakymas-ir-uab-genetiniai-istekliai-lukesciu-rastas1.pdf\" title=\"\" target=\"_blank\" class=\"btn btn-color-primary btn-style-round btn-size-large\"><strong>2023 metai<\/strong><\/a><\/div>[\/vc_column][\/vc_row][vc_row][vc_column]<div class=\"basel-button-wrapper text-center btn-inline\"><a href=\"https:\/\/genetiniaiistekliai.premiumspace24.com\/wp-content\/uploads\/2026\/04\/Korupcijos-pasireiskimo-tikimybes-motyvuota-isvada-2023m.pdf\" title=\"\" target=\"_blank\" class=\"btn btn-color-primary btn-style-round btn-size-small\">Korupcijos pasirei\u0161kimo tikimybes motyvuota i\u0161vada-2023m..pdf<\/a><\/div>[\/vc_column][\/vc_row][vc_row][vc_column]<div class=\"basel-button-wrapper text-center btn-inline\"><a href=\"https:\/\/genetiniaiistekliai.premiumspace24.com\/wp-content\/uploads\/2026\/04\/Antikorupcines-programos-igyvendinimo-priemoniu-plano-2023-m.-ataskaita.pdf\" title=\"\" target=\"_blank\" class=\"btn btn-color-primary btn-style-round btn-size-small\">Antikorupcines programos igyvendinimo priemoniu plano 2023 m. ataskaita.pdf<\/a><\/div>[\/vc_column][\/vc_row][vc_row][vc_column]<div class=\"basel-button-wrapper text-center btn-inline\"><a href=\"https:\/\/genetiniaiistekliai.premiumspace24.com\/wp-content\/uploads\/2026\/04\/Korupcijos-prevencijos-veiksmu-planas-2023m.pdf\" title=\"\" target=\"_blank\" class=\"btn btn-color-primary btn-style-round btn-size-small\">Korupcijos prevencijos veiksmu planas 2023m.pdf<\/a><\/div>[\/vc_column][\/vc_row][vc_row][vc_column]<div class=\"basel-button-wrapper text-center btn-inline\"><a href=\"https:\/\/genetiniaiistekliai.premiumspace24.com\/wp-content\/uploads\/2026\/04\/UAB-Genetiniai-istekliai-korupcijos-prevencijos-politika.pdf\" title=\"\" target=\"_blank\" class=\"btn btn-color-primary btn-style-round btn-size-small\">UAB ,,Genetiniai i\u0161tekliai'' korupcijos prevencijos politika.pdf<\/a><\/div>[\/vc_column][\/vc_row][vc_row][vc_column][vc_empty_space][\/vc_column][\/vc_row][vc_row][vc_column]<div class=\"basel-button-wrapper text-center btn-inline\"><a href=\"https:\/\/genetiniaiistekliai.premiumspace24.com\/wp-content\/uploads\/2026\/04\/isakymas-ir-uab-genetiniai-istekliai-lukesciu-rastas1.pdf\" title=\"\" target=\"_blank\" class=\"btn btn-color-primary btn-style-round btn-size-large\"><strong>2024 metai<\/strong><\/a><\/div>[\/vc_column][\/vc_row][vc_row][vc_column]<div class=\"basel-button-wrapper text-center btn-inline\"><a href=\"https:\/\/genetiniaiistekliai.premiumspace24.com\/wp-content\/uploads\/2026\/04\/Korupcijos-prevencijos-plano-ataskaita-2024-m.pdf\" title=\"\" target=\"_blank\" class=\"btn btn-color-primary btn-style-round btn-size-small\">Korupcijos prevencijos plano ataskaita 2024 m..pdf<\/a><\/div>[\/vc_column][\/vc_row][vc_row][vc_column]<div class=\"basel-button-wrapper text-center btn-inline\"><a href=\"https:\/\/genetiniaiistekliai.premiumspace24.com\/wp-content\/uploads\/2026\/04\/UAB-Genetiniai-istekliai-korupcijos_prevencijos_planas-2024-2025-m.pdf\" title=\"\" target=\"_blank\" class=\"btn btn-color-primary btn-style-round btn-size-small\">UAB ,,Genetiniai i\u0161tekliai'' korupcijos_prevencijos_planas 2024-2025-m..pdf<\/a><\/div>[\/vc_column][\/vc_row][vc_row][vc_column][vc_empty_space][\/vc_column][\/vc_row][vc_row][vc_column]<div class=\"basel-button-wrapper text-center btn-inline\"><a href=\"https:\/\/genetiniaiistekliai.premiumspace24.com\/wp-content\/uploads\/2026\/04\/isakymas-ir-uab-genetiniai-istekliai-lukesciu-rastas1.pdf\" title=\"\" target=\"_blank\" class=\"btn btn-color-primary btn-style-round btn-size-large\"><strong>2025 metai<\/strong><\/a><\/div>[\/vc_column][\/vc_row][vc_row][vc_column]<div class=\"basel-button-wrapper text-center btn-inline\"><a href=\"https:\/\/genetiniaiistekliai.premiumspace24.com\/wp-content\/uploads\/2026\/04\/Korupcijos-pasireiskimo-tikimybes-pasireiskimo-isvada-2025-m.pdf\" title=\"\" target=\"_blank\" class=\"btn btn-color-primary btn-style-round btn-size-small\">Korupcijos pasirei\u0161kimo tikimybes pasireiskimo i\u0161vada-2025-m..pdf<\/a><\/div>[\/vc_column][\/vc_row][vc_row][vc_column]<div class=\"basel-button-wrapper text-center btn-inline\"><a href=\"https:\/\/genetiniaiistekliai.premiumspace24.com\/wp-content\/uploads\/2026\/04\/UAB-Genetiniai-istekliai-korupcijos-plano-2025-m.-igyvendinimo-ataskaita1.pdf\" title=\"\" target=\"_blank\" class=\"btn btn-color-primary btn-style-round btn-size-small\">UAB ,,Genetiniai i\u0161tekliai'' korupcijos plano 2025 m. igyvendinimo ataskaita1.pdf<\/a><\/div>[\/vc_column][\/vc_row][vc_row][vc_column][vc_empty_space][\/vc_column][\/vc_row][vc_row][vc_column][vc_empty_space][\/vc_column][\/vc_row][vc_row][vc_column]<div class=\"basel-button-wrapper text-center btn-inline\"><a href=\"https:\/\/genetiniaiistekliai.premiumspace24.com\/wp-content\/uploads\/2026\/04\/Darbuotoju-nusisalinimo-ir-nusalinimo-nuo-pavesto-darbo-ar-uzduoties-tvarkos-aprasas.docx-2022.docx\" title=\"\" target=\"_blank\" class=\"btn btn-color-primary btn-style-round btn-size-small\">Darbuotoju nusi\u0161alinimo ir nu\u0161alinimo nuo pavesto darbo ar u\u017eduoties tvarkos apra\u0161as.docx<\/a><\/div>[\/vc_column][\/vc_row][vc_row][vc_column]<div class=\"basel-button-wrapper text-center btn-inline\"><a href=\"https:\/\/genetiniaiistekliai.premiumspace24.com\/wp-content\/uploads\/2026\/04\/Viesuju-ir-privaciu-interesu-derinimo-tvarkos-aprasas.docx-2022.docx\" title=\"\" target=\"_blank\" class=\"btn btn-color-primary btn-style-round btn-size-small\">Vie\u0161\u0173j\u0173 ir priva\u010di\u0173 interes\u0173 derinimo tvarkos aprasas.docx<\/a><\/div>[\/vc_column][\/vc_row][vc_row][vc_column]<div class=\"basel-button-wrapper text-center btn-inline\"><a href=\"https:\/\/genetiniaiistekliai.premiumspace24.com\/wp-content\/uploads\/2026\/04\/Atsparumo-korupcijai-lygio-nustatymas1.pdf\" title=\"\" target=\"_blank\" class=\"btn btn-color-primary btn-style-round btn-size-small\">Atsparumo korupcijai lygio nustatymas1.pdf<\/a><\/div>[\/vc_column][\/vc_row][vc_row][vc_column][vc_raw_html css=&#8221;&#8221;]JTNDZGl2JTIwY2xhc3MlM0QlMjJ1c2VmdWwtbGlua3MlMjIlM0UlMEQlMEElMjAlMjAlM0NoMyUzRU5hdWRpbmdvcyUyMG51b3JvZG9zJTNBJTNDJTJGaDMlM0UlMEQlMEElMEQlMEElMjAlMjAlM0N1bCUzRSUwRCUwQSUyMCUyMCUyMCUyMCUzQ2xpJTNFJTBEJTBBJTIwJTIwJTIwJTIwJTIwJTIwJTNDYSUyMGhyZWYlM0QlMjJodHRwcyUzQSUyRiUyRnd3dy5scnYubHQlMkYlMjIlMjB0YXJnZXQlM0QlMjJfYmxhbmslMjIlM0UlMEQlMEElMjAlMjAlMjAlMjAlMjAlMjAlMjAlMjBMaWV0dXZvcyUyMFJlc3B1Ymxpa29zJTIwVnlyaWF1c3liJUM0JTk3JTBEJTBBJTIwJTIwJTIwJTIwJTIwJTIwJTNDJTJGYSUzRSUwRCUwQSUyMCUyMCUyMCUyMCUzQyUyRmxpJTNFJTBEJTBBJTBEJTBBJTIwJTIwJTIwJTIwJTNDbGklM0UlMEQlMEElMjAlMjAlMjAlMjAlMjAlMjAlM0NhJTIwaHJlZiUzRCUyMmh0dHBzJTNBJTJGJTJGd3d3LnN0dC5sdCUyRiUyMiUyMHRhcmdldCUzRCUyMl9ibGFuayUyMiUzRSUwRCUwQSUyMCUyMCUyMCUyMCUyMCUyMCUyMCUyMExpZXR1dm9zJTIwUmVzcHVibGlrb3MlMjBzcGVjaWFsaSVDNSVCM2olQzUlQjMlMjB0eXJpbSVDNSVCMyUyMHRhcm55YmElMEQlMEElMjAlMjAlMjAlMjAlMjAlMjAlM0MlMkZhJTNFJTBEJTBBJTIwJTIwJTIwJTIwJTNDJTJGbGklM0UlMEQlMEElMEQlMEElMjAlMjAlMjAlMjAlM0NsaSUzRSUwRCUwQSUyMCUyMCUyMCUyMCUyMCUyMCUzQ2ElMjBocmVmJTNEJTIyaHR0cHMlM0ElMkYlMkZ3d3cudnRlay5sdCUyRiUyMiUyMHRhcmdldCUzRCUyMl9ibGFuayUyMiUzRSUwRCUwQSUyMCUyMCUyMCUyMCUyMCUyMCUyMCUyMFZ5cmlhdXNpb2ppJTIwdGFybnliaW4lQzQlOTdzJTIwZXRpa29zJTIwa29taXNpamElMEQlMEElMjAlMjAlMjAlMjAlMjAlMjAlM0MlMkZhJTNFJTBEJTBBJTIwJTIwJTIwJTIwJTNDJTJGbGklM0UlMEQlMEElMEQlMEElMjAlMjAlMjAlMjAlM0NsaSUyMGNsYXNzJTNEJTIybm8tbGluayUyMiUzRSUwRCUwQSUyMCUyMCUyMCUyMCUyMCUyMExpZXR1dm9zJTIwUmVzcHVibGlrb3MlMjBrb3J1cGNpam9zJTIwcHJldmVuY2lqJUM0JTg1JTIwdnlrZGFuJUM0JThEaW9zJTIwJUM0JUFGc3RhaWdvcyUwRCUwQSUyMCUyMCUyMCUyMCUzQyUyRmxpJTNFJTBEJTBBJTIwJTIwJTNDJTJGdWwlM0UlMEQlMEElM0MlMkZkaXYlM0U=[\/vc_raw_html][\/vc_column][\/vc_row]<\/p>\n<\/div>","protected":false},"excerpt":{"rendered":"<p>[vc_row][vc_column][vc_raw_html css=&#8221;&#8221;]JTNDc2VjdGlvbiUyMGNsYXNzJTNEJTIyaW5mby1zZWN0aW9uJTIyJTNFJTBEJTBBJTIwJTIwJTNDZGl2JTIwY2xhc3MlM0QlMjJpbmZvLWNvbnRhaW5lciUyMiUzRSUwRCUwQSUyMCUyMCUyMCUyMCUzQ2RpdiUyMGNsYXNzJTNEJTIyaW5mby1ib3glMjIlM0UlMEQlMEElMjAlMjAlMjAlMjAlMjAlMjAlM0NzcGFuJTIwY2xhc3MlM0QlMjJpbmZvLWxhYmVsJTIyJTNFU2thaWRydW1hcyUzQyUyRnNwYW4lM0UlMEQlMEElMjAlMjAlMjAlMjAlMjAlMjAlM0NoMiUzRUtvcnVwY2lqb3MlMjBwcmV2ZW5jaWphJTNDJTJGaDIlM0UlMEQlMEElMjAlMjAlMjAlMjAlMjAlMjAlM0NwJTNFJTBEJTBBJTIwJTIwJTIwJTIwJTIwJTIwJTIwJTIwJUM1JUEwaW9qZSUyMHNraWx0eWplJTIwcGF0ZWlraWFtYSUyMGluZm9ybWFjaWphJTIwYXBpZSUyMFVBQiUyMCVFMiU4MCU5RUdlbmV0aW5pYWklMjBpJUM1JUExdGVrbGlhaSVFMiU4MCU5QyUwRCUwQSUyMCUyMCUyMCUyMCUyMCUyMCUyMCUyMHRhaWtvbWFzJTIwa29ydXBjaWpvcyUyMHByZXZlbmNpam9zJTIwcHJpZW1vbmVzJTJDJTIwcG9saXRpayVDNCU4NSUyQyUyMHZlaWtzbSVDNSVCMyUyMHBsYW51cyUyMGlyJTBEJTBBJTIwJTIwJTIwJTIwJTIwJTIwJTIwJTIwYXRzYWtpbmdvJTIwdmVpa2ltbyUyMHByaW5jaXB1cyUyQyUyMHNraXJ0dXMlMjBza2FpZHJpYWklMjBpciUyMHBhdGlraW1haSUyMHZlaWtsYWklMjB1JUM1JUJFdGlrcmludGkuJTBEJTBBJTIwJTIwJTIwJTIwJTIwJTIwJTNDJTJGcCUzRSUwRCUwQSUyMCUyMCUyMCUyMCUzQyUyRmRpdiUzRSUwRCUwQSUyMCUyMCUzQyUyRmRpdiUzRSUwRCUwQSUzQyUyRnNlY3Rpb24lM0U=[\/vc_raw_html][\/vc_column][\/vc_row][vc_row][vc_column][\/vc_column][\/vc_row][vc_row][vc_column][\/vc_column][\/vc_row][vc_row][vc_column][\/vc_column][\/vc_row][vc_row][vc_column][\/vc_column][\/vc_row][vc_row][vc_column][vc_empty_space][\/vc_column][\/vc_row][vc_row][vc_column][\/vc_column][\/vc_row][vc_row][vc_column][\/vc_column][\/vc_row][vc_row][vc_column][vc_empty_space][\/vc_column][\/vc_row][vc_row][vc_column][\/vc_column][\/vc_row][vc_row][vc_column][\/vc_column][\/vc_row][vc_row][vc_column][\/vc_column][\/vc_row][vc_row][vc_column][\/vc_column][\/vc_row][vc_row][vc_column][\/vc_column][\/vc_row][vc_row][vc_column][vc_empty_space][\/vc_column][\/vc_row][vc_row][vc_column][\/vc_column][\/vc_row][vc_row][vc_column][\/vc_column][\/vc_row][vc_row][vc_column][\/vc_column][\/vc_row][vc_row][vc_column][vc_empty_space][\/vc_column][\/vc_row][vc_row][vc_column][\/vc_column][\/vc_row][vc_row][vc_column][\/vc_column][\/vc_row][vc_row][vc_column][\/vc_column][\/vc_row][vc_row][vc_column][vc_empty_space][\/vc_column][\/vc_row][vc_row][vc_column][vc_empty_space][\/vc_column][\/vc_row][vc_row][vc_column][\/vc_column][\/vc_row][vc_row][vc_column][\/vc_column][\/vc_row][vc_row][vc_column][\/vc_column][\/vc_row][vc_row][vc_column][vc_raw_html css=&#8221;&#8221;]JTNDZGl2JTIwY2xhc3MlM0QlMjJ1c2VmdWwtbGlua3MlMjIlM0UlMEQlMEElMjAlMjAlM0NoMyUzRU5hdWRpbmdvcyUyMG51b3JvZG9zJTNBJTNDJTJGaDMlM0UlMEQlMEElMEQlMEElMjAlMjAlM0N1bCUzRSUwRCUwQSUyMCUyMCUyMCUyMCUzQ2xpJTNFJTBEJTBBJTIwJTIwJTIwJTIwJTIwJTIwJTNDYSUyMGhyZWYlM0QlMjJodHRwcyUzQSUyRiUyRnd3dy5scnYubHQlMkYlMjIlMjB0YXJnZXQlM0QlMjJfYmxhbmslMjIlM0UlMEQlMEElMjAlMjAlMjAlMjAlMjAlMjAlMjAlMjBMaWV0dXZvcyUyMFJlc3B1Ymxpa29zJTIwVnlyaWF1c3liJUM0JTk3JTBEJTBBJTIwJTIwJTIwJTIwJTIwJTIwJTNDJTJGYSUzRSUwRCUwQSUyMCUyMCUyMCUyMCUzQyUyRmxpJTNFJTBEJTBBJTBEJTBBJTIwJTIwJTIwJTIwJTNDbGklM0UlMEQlMEElMjAlMjAlMjAlMjAlMjAlMjAlM0NhJTIwaHJlZiUzRCUyMmh0dHBzJTNBJTJGJTJGd3d3LnN0dC5sdCUyRiUyMiUyMHRhcmdldCUzRCUyMl9ibGFuayUyMiUzRSUwRCUwQSUyMCUyMCUyMCUyMCUyMCUyMCUyMCUyMExpZXR1dm9zJTIwUmVzcHVibGlrb3MlMjBzcGVjaWFsaSVDNSVCM2olQzUlQjMlMjB0eXJpbSVDNSVCMyUyMHRhcm55YmElMEQlMEElMjAlMjAlMjAlMjAlMjAlMjAlM0MlMkZhJTNFJTBEJTBBJTIwJTIwJTIwJTIwJTNDJTJGbGklM0UlMEQlMEElMEQlMEElMjAlMjAlMjAlMjAlM0NsaSUzRSUwRCUwQSUyMCUyMCUyMCUyMCUyMCUyMCUzQ2ElMjBocmVmJTNEJTIyaHR0cHMlM0ElMkYlMkZ3d3cudnRlay5sdCUyRiUyMiUyMHRhcmdldCUzRCUyMl9ibGFuayUyMiUzRSUwRCUwQSUyMCUyMCUyMCUyMCUyMCUyMCUyMCUyMFZ5cmlhdXNpb2ppJTIwdGFybnliaW4lQzQlOTdzJTIwZXRpa29zJTIwa29taXNpamElMEQlMEElMjAlMjAlMjAlMjAlMjAlMjAlM0MlMkZhJTNFJTBEJTBBJTIwJTIwJTIwJTIwJTNDJTJGbGklM0UlMEQlMEElMEQlMEElMjAlMjAlMjAlMjAlM0NsaSUyMGNsYXNzJTNEJTIybm8tbGluayUyMiUzRSUwRCUwQSUyMCUyMCUyMCUyMCUyMCUyMExpZXR1dm9zJTIwUmVzcHVibGlrb3MlMjBrb3J1cGNpam9zJTIwcHJldmVuY2lqJUM0JTg1JTIwdnlrZGFuJUM0JThEaW9zJTIwJUM0JUFGc3RhaWdvcyUwRCUwQSUyMCUyMCUyMCUyMCUzQyUyRmxpJTNFJTBEJTBBJTIwJTIwJTNDJTJGdWwlM0UlMEQlMEElM0MlMkZkaXYlM0U=[\/vc_raw_html][\/vc_column][\/vc_row]<\/p>\n","protected":false},"author":1,"featured_media":0,"parent":0,"menu_order":0,"comment_status":"closed","ping_status":"closed","template":"","meta":{"footnotes":""},"class_list":["post-31972","page","type-page","status-publish","hentry"],"_links":{"self":[{"href":"https:\/\/genetiniaiistekliai.lt\/index.php\/wp-json\/wp\/v2\/pages\/31972","targetHints":{"allow":["GET"]}}],"collection":[{"href":"https:\/\/genetiniaiistekliai.lt\/index.php\/wp-json\/wp\/v2\/pages"}],"about":[{"href":"https:\/\/genetiniaiistekliai.lt\/index.php\/wp-json\/wp\/v2\/types\/page"}],"author":[{"embeddable":true,"href":"https:\/\/genetiniaiistekliai.lt\/index.php\/wp-json\/wp\/v2\/users\/1"}],"replies":[{"embeddable":true,"href":"https:\/\/genetiniaiistekliai.lt\/index.php\/wp-json\/wp\/v2\/comments?post=31972"}],"version-history":[{"count":28,"href":"https:\/\/genetiniaiistekliai.lt\/index.php\/wp-json\/wp\/v2\/pages\/31972\/revisions"}],"predecessor-version":[{"id":32460,"href":"https:\/\/genetiniaiistekliai.lt\/index.php\/wp-json\/wp\/v2\/pages\/31972\/revisions\/32460"}],"wp:attachment":[{"href":"https:\/\/genetiniaiistekliai.lt\/index.php\/wp-json\/wp\/v2\/media?parent=31972"}],"curies":[{"name":"wp","href":"https:\/\/api.w.org\/{rel}","templated":true}]}}