{"id":31970,"date":"2026-04-10T08:00:34","date_gmt":"2026-04-10T08:00:34","guid":{"rendered":"https:\/\/genetiniaiistekliai.premiumspace24.com\/?page_id=31970"},"modified":"2026-04-22T14:44:29","modified_gmt":"2026-04-22T14:44:29","slug":"finansines-ataskaitos","status":"publish","type":"page","link":"https:\/\/genetiniaiistekliai.lt\/index.php\/finansines-ataskaitos\/","title":{"rendered":"Finansin\u0117s ataskaitos"},"content":{"rendered":"<div class=\"wpb-content-wrapper\"><p>[vc_row][vc_column][vc_raw_html css=&#8221;&#8221;]JTNDJTIxLS0lMjAlM0QlM0QlM0QlM0QlM0QlM0QlM0QlM0QlM0QlM0QlM0QlM0QlM0QlM0QlM0QlM0QlM0QlM0QlM0QlM0QlM0QlMjAtLSUzRSUwRCUwQSUzQyUyMS0tJTIwRklOQU5TSU4lQzQlOTZTJTIwQVRBU0tBSVRPUyUyMC0tJTNFJTBEJTBBJTNDJTIxLS0lMjAlM0QlM0QlM0QlM0QlM0QlM0QlM0QlM0QlM0QlM0QlM0QlM0QlM0QlM0QlM0QlM0QlM0QlM0QlM0QlM0QlM0QlMjAtLSUzRSUwRCUwQSUzQ3NlY3Rpb24lMjBjbGFzcyUzRCUyMmluZm8tc2VjdGlvbiUyMGZpbmFuc2luZXMtc2VjdGlvbiUyMiUzRSUwRCUwQSUwRCUwQSUyMCUyMCUzQ2RpdiUyMGNsYXNzJTNEJTIyaW5mby1jb250YWluZXIlMjIlM0UlMEQlMEElMEQlMEElMjAlMjAlMjAlMjAlM0MlMjEtLSUyMFRFS1NUTyUyMEtPUlRFTCVDNCU5NiUyMC0tJTNFJTBEJTBBJTIwJTIwJTIwJTIwJTNDZGl2JTIwY2xhc3MlM0QlMjJpbmZvLWJveCUyMiUzRSUwRCUwQSUwRCUwQSUyMCUyMCUyMCUyMCUyMCUyMCUzQyUyMS0tJTIwTUElQzUlQkRBJTIwQU5UUkElQzUlQTBUJUM0JTk2JTIwLS0lM0UlMEQlMEElMjAlMjAlMjAlMjAlMjAlMjAlM0NzcGFuJTIwY2xhc3MlM0QlMjJpbmZvLWxhYmVsJTIyJTNFJTBEJTBBJTIwJTIwJTIwJTIwJTIwJTIwJTIwJTIwRmluYW5zaW4lQzQlOTdzJTIwYXRhc2thaXRvcyUwRCUwQSUyMCUyMCUyMCUyMCUyMCUyMCUzQyUyRnNwYW4lM0UlMEQlMEElMEQlMEElMjAlMjAlMjAlMjAlMjAlMjAlM0MlMjEtLSUyMFBBR1JJTkRJTiVDNCU5NiUyMEFOVFJBJUM1JUEwVCVDNCU5NiUyMC0tJTNFJTBEJTBBJTIwJTIwJTIwJTIwJTIwJTIwJTNDaDIlM0UlMEQlMEElMjAlMjAlMjAlMjAlMjAlMjAlMjAlMjBGaW5hbnNpbiVDNCU5N3MlMjBhdGFza2FpdG9zJTBEJTBBJTIwJTIwJTIwJTIwJTIwJTIwJTNDJTJGaDIlM0UlMEQlMEElMEQlMEElMjAlMjAlMjAlMjAlMjAlMjAlM0MlMjEtLSUyMEFQUkElQzUlQTBZTUFTJTIwLS0lM0UlMEQlMEElMjAlMjAlMjAlMjAlMjAlMjAlM0NwJTNFJTBEJTBBJTIwJTIwJTIwJTIwJTIwJTIwJTIwJTIwJUM1JUEwaW9qZSUyMHNraWx0eWplJTIwcGF0ZWlraWFtb3MlMjBVQUIlMjAlRTIlODAlOUVHZW5ldGluaWFpJTIwaSVDNSVBMXRla2xpYWklRTIlODAlOUMlMjBmaW5hbnNpbiVDNCU5N3MlMjBhdGFza2FpdG9zJTJDJTBEJTBBJTIwJTIwJTIwJTIwJTIwJTIwJTIwJTIwYXVkaXR1b3RpJTIwZmluYW5zaW5pJUM1JUIzJTIwYXRhc2thaXQlQzUlQjMlMjByaW5raW5pYWklMjBiZWklMjBraXRpJTIwc3UlMjBiZW5kcm92JUM0JTk3cyUyMGZpbmFuc2luZSUyMHZlaWtsYSUwRCUwQSUyMCUyMCUyMCUyMCUyMCUyMCUyMCUyMHN1c2lqJUM0JTk5JTIwZG9rdW1lbnRhaS4lMjBKaWUlMjBsZWlkJUM1JUJFaWElMjBzdXNpcGElQzUlQkVpbnRpJTIwc3UlMjAlQzQlQUZtb24lQzQlOTdzJTIwZmluYW5zaW5lJTIwYiVDNSVBQmtsZSUyQyUyMHZlaWtsb3MlMEQlMEElMjAlMjAlMjAlMjAlMjAlMjAlMjAlMjByZXp1bHRhdGFpcyUyMGlyJTIwYXRza2FpdG9teWIlQzQlOTdzJTIwcHJpbmNpcGFpcy4lMEQlMEElMjAlMjAlMjAlMjAlMjAlMjAlM0MlMkZwJTNFJTBEJTBBJTBEJTBBJTIwJTIwJTIwJTIwJTNDJTJGZGl2JTNFJTBEJTBBJTBEJTBBJTIwJTIwJTNDJTJGZGl2JTNFJTBEJTBBJTBEJTBBJTNDJTJGc2VjdGlvbiUzRQ==[\/vc_raw_html][\/vc_column][\/vc_row][vc_row][vc_column]<div class=\"basel-button-wrapper text-center btn-inline\"><a  class=\"btn btn-color-primary btn-style-round btn-size-large\"><strong>2021 metai<\/strong><\/a><\/div>[\/vc_column][\/vc_row][vc_row][vc_column]<div class=\"basel-button-wrapper text-center btn-inline\"><a href=\"https:\/\/genetiniaiistekliai.premiumspace24.com\/wp-content\/uploads\/2026\/04\/Aiskinamasis-rastas-2021-m.pdf\" title=\"\" target=\"_blank\" class=\"btn btn-color-primary btn-style-round btn-size-small\">Ai\u0161kinamasis ra\u0161tas-2021-m..pdf<\/a><\/div>[\/vc_column][\/vc_row][vc_row][vc_column]<div class=\"basel-button-wrapper text-center btn-inline\"><a href=\"https:\/\/genetiniaiistekliai.premiumspace24.com\/wp-content\/uploads\/2026\/04\/Balansas-2021m.pdf\" title=\"\" target=\"_blank\" class=\"btn btn-color-primary btn-style-round btn-size-small\">Balansas-2021m..pdf<\/a><\/div>[\/vc_column][\/vc_row][vc_row][vc_column]<div class=\"basel-button-wrapper text-center btn-inline\"><a href=\"https:\/\/genetiniaiistekliai.premiumspace24.com\/wp-content\/uploads\/2026\/04\/Pelno-nuostoliu-ataskaita-2021m.pdf\" title=\"\" target=\"_blank\" class=\"btn btn-color-primary btn-style-round btn-size-small\">Pelno (nuostoliu) ataskaita-2021m..pdf<\/a><\/div>[\/vc_column][\/vc_row][vc_row][vc_column]<div class=\"basel-button-wrapper text-center btn-inline\"><a href=\"https:\/\/genetiniaiistekliai.premiumspace24.com\/wp-content\/uploads\/2026\/04\/Nuosavo-kapitalo-pokyciu-ataskaita-2021m.pd_.pdf\" title=\"\" target=\"_blank\" class=\"btn btn-color-primary btn-style-round btn-size-small\">Nuosavo kapitalo poky\u010diu ataskaita-2021m..pdf<\/a><\/div>[\/vc_column][\/vc_row][vc_row][vc_column]<div class=\"basel-button-wrapper text-center btn-inline\"><a href=\"https:\/\/genetiniaiistekliai.premiumspace24.com\/wp-content\/uploads\/2026\/04\/Pinigu-srautu-ataskaita-2021-m.pdf\" title=\"\" target=\"_blank\" class=\"btn btn-color-primary btn-style-round btn-size-small\">Pinigu srautu ataskaita-2021-m..pdf<\/a><\/div>[\/vc_column][\/vc_row][vc_row][vc_column]<div class=\"basel-button-wrapper text-center btn-inline\"><a href=\"https:\/\/genetiniaiistekliai.premiumspace24.com\/wp-content\/uploads\/2026\/04\/Audito-isvada.pdf\" title=\"\" target=\"_blank\" class=\"btn btn-color-primary btn-style-round btn-size-small\">Audito i\u0161vada.pdf<\/a><\/div>[\/vc_column][\/vc_row][vc_row][vc_column]<div class=\"basel-button-wrapper text-center btn-inline\"><a href=\"https:\/\/genetiniaiistekliai.premiumspace24.com\/wp-content\/uploads\/2026\/04\/Audito-ataskaita-2021m.pdf\" title=\"\" target=\"_blank\" class=\"btn btn-color-primary btn-style-round btn-size-small\">Audito ataskaita 2021m..pdf<\/a><\/div>[\/vc_column][\/vc_row][vc_row][vc_column]<div class=\"basel-button-wrapper text-center btn-inline\"><a href=\"https:\/\/genetiniaiistekliai.premiumspace24.com\/wp-content\/uploads\/2026\/04\/Metinis-pranesimas-2021-m.pdf\" title=\"\" target=\"_blank\" class=\"btn btn-color-primary btn-style-round btn-size-small\">Metinis prane\u0161imas 2021 m..pdf<\/a><\/div>[\/vc_column][\/vc_row][vc_row][vc_column]<div class=\"basel-button-wrapper text-center btn-inline\"><a href=\"https:\/\/genetiniaiistekliai.premiumspace24.com\/wp-content\/uploads\/2026\/04\/Isakymas.docx\" title=\"\" target=\"_blank\" class=\"btn btn-color-primary btn-style-round btn-size-small\">\u012esakymas.docx<\/a><\/div>[\/vc_column][\/vc_row][vc_row][vc_column][vc_empty_space][\/vc_column][\/vc_row][vc_row][vc_column]<div class=\"basel-button-wrapper text-center btn-inline\"><a  class=\"btn btn-color-primary btn-style-round btn-size-large\"><strong>2022 metai<\/strong><\/a><\/div>[\/vc_column][\/vc_row][vc_row][vc_column]<div class=\"basel-button-wrapper text-center btn-inline\"><a href=\"https:\/\/genetiniaiistekliai.premiumspace24.com\/wp-content\/uploads\/2026\/04\/UAB-Genetiniai-istekliai-audituotas-2022-m.-metinis-finansiniu-ataskaitu-rinkinys.pdf\" title=\"\" target=\"_blank\" class=\"btn btn-color-primary btn-style-round btn-size-small\">UAB ,,Genetiniai i\u0161tekliai'' audituotas 2022 m. metinis finansiniu ataskaitu rinkinys.pdf<\/a><\/div>[\/vc_column][\/vc_row][vc_row][vc_column]<div class=\"basel-button-wrapper text-center btn-inline\"><a href=\"https:\/\/genetiniaiistekliai.premiumspace24.com\/wp-content\/uploads\/2026\/04\/Metinis-pranesimas-2022-m.pdf\" title=\"\" target=\"_blank\" class=\"btn btn-color-primary btn-style-round btn-size-small\">Metinis prane\u0161imas 2022-m..pdf<\/a><\/div>[\/vc_column][\/vc_row][vc_row][vc_column]<div class=\"basel-button-wrapper text-center btn-inline\"><a href=\"https:\/\/genetiniaiistekliai.premiumspace24.com\/wp-content\/uploads\/2026\/04\/Audito-ataskaita-UAB-Genetiniai-istekliai_2022-m.pdf\" title=\"\" target=\"_blank\" class=\"btn btn-color-primary btn-style-round btn-size-small\">Audito ataskaita UAB Genetiniai i\u0161tekliai_2022-m.pdf<\/a><\/div>[\/vc_column][\/vc_row][vc_row][vc_column]<div class=\"basel-button-wrapper text-center btn-inline\"><a href=\"https:\/\/genetiniaiistekliai.premiumspace24.com\/wp-content\/uploads\/2026\/04\/Auditoriaus-isvada-UAB-Genetiniai-istekliai_2022-m.pdf\" title=\"\" target=\"_blank\" class=\"btn btn-color-primary btn-style-round btn-size-small\">Auditoriaus i\u0161vada UAB Genetiniai i\u0161tekliai_2022-m..pdf<\/a><\/div>[\/vc_column][\/vc_row][vc_row][vc_column][vc_empty_space][\/vc_column][\/vc_row][vc_row][vc_column]<div class=\"basel-button-wrapper text-center btn-inline\"><a  class=\"btn btn-color-primary btn-style-round btn-size-large\"><strong>2023 metai<\/strong><\/a><\/div>[\/vc_column][\/vc_row][vc_row][vc_column]<div class=\"basel-button-wrapper text-center btn-inline\"><a href=\"https:\/\/genetiniaiistekliai.premiumspace24.com\/wp-content\/uploads\/2026\/04\/Audito-ataskaita-2023-UAB-Genetiniai-istekliai.pdf\" title=\"\" target=\"_blank\" class=\"btn btn-color-primary btn-style-round btn-size-small\">Audito ataskaita 2023 UAB ,,Genetiniai i\u0161tekliai''.pdf<\/a><\/div>[\/vc_column][\/vc_row][vc_row][vc_column]<div class=\"basel-button-wrapper text-center btn-inline\"><a href=\"https:\/\/genetiniaiistekliai.premiumspace24.com\/wp-content\/uploads\/2026\/04\/Auditoriaus-isvada.-UAB-Genetiniai-istekliai-audituotas-2023-m.-Finansiniu-ataskaitu-rinkinys.-Metinis-pranesimas.pdf\" title=\"\" target=\"_blank\" class=\"btn btn-color-primary btn-style-round btn-size-small\">Auditoriaus i\u0161vada. UAB ,,Genetiniai i\u0161tekliai'' audituotas 2023 m. Finansini\u0173 ataskaitu rinkinys. Metinis prane\u0161imas.pdf<\/a><\/div>[\/vc_column][\/vc_row][vc_row][vc_column][vc_empty_space][\/vc_column][\/vc_row][vc_row][vc_column]<div class=\"basel-button-wrapper text-center btn-inline\"><a  class=\"btn btn-color-primary btn-style-round btn-size-large\"><strong>2024 metai<\/strong><\/a><\/div>[\/vc_column][\/vc_row][vc_row][vc_column]<div class=\"basel-button-wrapper text-center btn-inline\"><a href=\"https:\/\/genetiniaiistekliai.premiumspace24.com\/wp-content\/uploads\/2026\/04\/Finansiniu-ataskaitu-rinkinys-2024-m.pdf\" title=\"\" target=\"_blank\" class=\"btn btn-color-primary btn-style-round btn-size-small\">Finansini\u0173 ataskait\u0173 rinkinys 2024-m..pdf<\/a><\/div>[\/vc_column][\/vc_row][vc_row][vc_column]<div class=\"basel-button-wrapper text-center btn-inline\"><a href=\"https:\/\/genetiniaiistekliai.premiumspace24.com\/wp-content\/uploads\/2026\/04\/Audito-ataskaita-Genetiniai-istekliai-2024-m.pdf\" title=\"\" target=\"_blank\" class=\"btn btn-color-primary btn-style-round btn-size-small\">Audito ataskaita ,,Genetiniai i\u0161tekliai'' 2024-m.pdf<\/a><\/div>[\/vc_column][\/vc_row][vc_row][vc_column]<div class=\"basel-button-wrapper text-center btn-inline\"><a href=\"https:\/\/genetiniaiistekliai.premiumspace24.com\/wp-content\/uploads\/2026\/04\/Auditoriaus-isvada-Genetiniai-istekliai-2024-m.pdf-Vadovybes-ataskaita-Tvarumo-ataskaita.pdf\" title=\"\" target=\"_blank\" class=\"btn btn-color-primary btn-style-round btn-size-small\">Auditoriaus i\u0161vada ,,Genetiniai i\u0161tekliai'' 2024-m.pdf Vadovyb\u0117s ataskaita, Tvarumo ataskaita<\/a><\/div>[\/vc_column][\/vc_row][vc_row][vc_column][vc_empty_space][\/vc_column][\/vc_row][vc_row][vc_column]<div class=\"basel-button-wrapper text-center btn-inline\"><a  class=\"btn btn-color-primary btn-style-round btn-size-large\"><strong>2025 metai<\/strong><\/a><\/div>[\/vc_column][\/vc_row][vc_row][vc_column]<div class=\"basel-button-wrapper text-center btn-inline\"><a href=\"https:\/\/genetiniaiistekliai.premiumspace24.com\/wp-content\/uploads\/2026\/04\/aiskinamasis-rastas-2025-ii-ketv.pdf\" title=\"\" target=\"_blank\" class=\"btn btn-color-primary btn-style-round btn-size-small\">Ai\u0161kinamasis ra\u0161tas 2025-II ketv..pdf<\/a><\/div>[\/vc_column][\/vc_row][vc_row][vc_column]<div class=\"basel-button-wrapper text-center btn-inline\"><a href=\"https:\/\/genetiniaiistekliai.premiumspace24.com\/wp-content\/uploads\/2026\/04\/Balansas-2025_06_30-1.xls\" title=\"\" target=\"_blank\" class=\"btn btn-color-primary btn-style-round btn-size-small\">Balansas 2025_06_30-1.xls<\/a><\/div>[\/vc_column][\/vc_row][vc_row][vc_column]<div class=\"basel-button-wrapper text-center btn-inline\"><a href=\"https:\/\/genetiniaiistekliai.premiumspace24.com\/wp-content\/uploads\/2026\/04\/Pelno-nuostoliu-ataskaita-2025-06-30.xlsx\" title=\"\" target=\"_blank\" class=\"btn btn-color-primary btn-style-round btn-size-small\">Pelno nuostoli\u0173 ataskaita 2025-06-30.xlsx<\/a><\/div>[\/vc_column][\/vc_row][vc_row][vc_column]<div class=\"basel-button-wrapper text-center btn-inline\"><a href=\"https:\/\/genetiniaiistekliai.premiumspace24.com\/wp-content\/uploads\/2026\/04\/Finansiniu-ataskaitu-rinkinys-2025-m.-su-auditoriaus-isvada.pdf\" title=\"\" target=\"_blank\" class=\"btn btn-color-primary btn-style-round btn-size-small\">Finansini\u0173 ataskait\u0173 rinkinys 2025 m. su auditoriaus i\u0161vada.pdf<\/a><\/div>[\/vc_column][\/vc_row]<\/p>\n<\/div>","protected":false},"excerpt":{"rendered":"<p>[vc_row][vc_column][vc_raw_html css=&#8221;&#8221;]JTNDJTIxLS0lMjAlM0QlM0QlM0QlM0QlM0QlM0QlM0QlM0QlM0QlM0QlM0QlM0QlM0QlM0QlM0QlM0QlM0QlM0QlM0QlM0QlM0QlMjAtLSUzRSUwRCUwQSUzQyUyMS0tJTIwRklOQU5TSU4lQzQlOTZTJTIwQVRBU0tBSVRPUyUyMC0tJTNFJTBEJTBBJTNDJTIxLS0lMjAlM0QlM0QlM0QlM0QlM0QlM0QlM0QlM0QlM0QlM0QlM0QlM0QlM0QlM0QlM0QlM0QlM0QlM0QlM0QlM0QlM0QlMjAtLSUzRSUwRCUwQSUzQ3NlY3Rpb24lMjBjbGFzcyUzRCUyMmluZm8tc2VjdGlvbiUyMGZpbmFuc2luZXMtc2VjdGlvbiUyMiUzRSUwRCUwQSUwRCUwQSUyMCUyMCUzQ2RpdiUyMGNsYXNzJTNEJTIyaW5mby1jb250YWluZXIlMjIlM0UlMEQlMEElMEQlMEElMjAlMjAlMjAlMjAlM0MlMjEtLSUyMFRFS1NUTyUyMEtPUlRFTCVDNCU5NiUyMC0tJTNFJTBEJTBBJTIwJTIwJTIwJTIwJTNDZGl2JTIwY2xhc3MlM0QlMjJpbmZvLWJveCUyMiUzRSUwRCUwQSUwRCUwQSUyMCUyMCUyMCUyMCUyMCUyMCUzQyUyMS0tJTIwTUElQzUlQkRBJTIwQU5UUkElQzUlQTBUJUM0JTk2JTIwLS0lM0UlMEQlMEElMjAlMjAlMjAlMjAlMjAlMjAlM0NzcGFuJTIwY2xhc3MlM0QlMjJpbmZvLWxhYmVsJTIyJTNFJTBEJTBBJTIwJTIwJTIwJTIwJTIwJTIwJTIwJTIwRmluYW5zaW4lQzQlOTdzJTIwYXRhc2thaXRvcyUwRCUwQSUyMCUyMCUyMCUyMCUyMCUyMCUzQyUyRnNwYW4lM0UlMEQlMEElMEQlMEElMjAlMjAlMjAlMjAlMjAlMjAlM0MlMjEtLSUyMFBBR1JJTkRJTiVDNCU5NiUyMEFOVFJBJUM1JUEwVCVDNCU5NiUyMC0tJTNFJTBEJTBBJTIwJTIwJTIwJTIwJTIwJTIwJTNDaDIlM0UlMEQlMEElMjAlMjAlMjAlMjAlMjAlMjAlMjAlMjBGaW5hbnNpbiVDNCU5N3MlMjBhdGFza2FpdG9zJTBEJTBBJTIwJTIwJTIwJTIwJTIwJTIwJTNDJTJGaDIlM0UlMEQlMEElMEQlMEElMjAlMjAlMjAlMjAlMjAlMjAlM0MlMjEtLSUyMEFQUkElQzUlQTBZTUFTJTIwLS0lM0UlMEQlMEElMjAlMjAlMjAlMjAlMjAlMjAlM0NwJTNFJTBEJTBBJTIwJTIwJTIwJTIwJTIwJTIwJTIwJTIwJUM1JUEwaW9qZSUyMHNraWx0eWplJTIwcGF0ZWlraWFtb3MlMjBVQUIlMjAlRTIlODAlOUVHZW5ldGluaWFpJTIwaSVDNSVBMXRla2xpYWklRTIlODAlOUMlMjBmaW5hbnNpbiVDNCU5N3MlMjBhdGFza2FpdG9zJTJDJTBEJTBBJTIwJTIwJTIwJTIwJTIwJTIwJTIwJTIwYXVkaXR1b3RpJTIwZmluYW5zaW5pJUM1JUIzJTIwYXRhc2thaXQlQzUlQjMlMjByaW5raW5pYWklMjBiZWklMjBraXRpJTIwc3UlMjBiZW5kcm92JUM0JTk3cyUyMGZpbmFuc2luZSUyMHZlaWtsYSUwRCUwQSUyMCUyMCUyMCUyMCUyMCUyMCUyMCUyMHN1c2lqJUM0JTk5JTIwZG9rdW1lbnRhaS4lMjBKaWUlMjBsZWlkJUM1JUJFaWElMjBzdXNpcGElQzUlQkVpbnRpJTIwc3UlMjAlQzQlQUZtb24lQzQlOTdzJTIwZmluYW5zaW5lJTIwYiVDNSVBQmtsZSUyQyUyMHZlaWtsb3MlMEQlMEElMjAlMjAlMjAlMjAlMjAlMjAlMjAlMjByZXp1bHRhdGFpcyUyMGlyJTIwYXRza2FpdG9teWIlQzQlOTdzJTIwcHJpbmNpcGFpcy4lMEQlMEElMjAlMjAlMjAlMjAlMjAlMjAlM0MlMkZwJTNFJTBEJTBBJTBEJTBBJTIwJTIwJTIwJTIwJTNDJTJGZGl2JTNFJTBEJTBBJTBEJTBBJTIwJTIwJTNDJTJGZGl2JTNFJTBEJTBBJTBEJTBBJTNDJTJGc2VjdGlvbiUzRQ==[\/vc_raw_html][\/vc_column][\/vc_row][vc_row][vc_column][\/vc_column][\/vc_row][vc_row][vc_column][\/vc_column][\/vc_row][vc_row][vc_column][\/vc_column][\/vc_row][vc_row][vc_column][\/vc_column][\/vc_row][vc_row][vc_column][\/vc_column][\/vc_row][vc_row][vc_column][\/vc_column][\/vc_row][vc_row][vc_column][\/vc_column][\/vc_row][vc_row][vc_column][\/vc_column][\/vc_row][vc_row][vc_column][\/vc_column][\/vc_row][vc_row][vc_column][\/vc_column][\/vc_row][vc_row][vc_column][vc_empty_space][\/vc_column][\/vc_row][vc_row][vc_column][\/vc_column][\/vc_row][vc_row][vc_column][\/vc_column][\/vc_row][vc_row][vc_column][\/vc_column][\/vc_row][vc_row][vc_column][\/vc_column][\/vc_row][vc_row][vc_column][\/vc_column][\/vc_row][vc_row][vc_column][vc_empty_space][\/vc_column][\/vc_row][vc_row][vc_column][\/vc_column][\/vc_row][vc_row][vc_column][\/vc_column][\/vc_row][vc_row][vc_column][\/vc_column][\/vc_row][vc_row][vc_column][vc_empty_space][\/vc_column][\/vc_row][vc_row][vc_column][\/vc_column][\/vc_row][vc_row][vc_column][\/vc_column][\/vc_row][vc_row][vc_column][\/vc_column][\/vc_row][vc_row][vc_column][\/vc_column][\/vc_row][vc_row][vc_column][vc_empty_space][\/vc_column][\/vc_row][vc_row][vc_column][\/vc_column][\/vc_row][vc_row][vc_column][\/vc_column][\/vc_row][vc_row][vc_column][\/vc_column][\/vc_row][vc_row][vc_column][\/vc_column][\/vc_row][vc_row][vc_column][\/vc_column][\/vc_row]<\/p>\n","protected":false},"author":1,"featured_media":0,"parent":0,"menu_order":0,"comment_status":"closed","ping_status":"closed","template":"","meta":{"footnotes":""},"class_list":["post-31970","page","type-page","status-publish","hentry"],"_links":{"self":[{"href":"https:\/\/genetiniaiistekliai.lt\/index.php\/wp-json\/wp\/v2\/pages\/31970","targetHints":{"allow":["GET"]}}],"collection":[{"href":"https:\/\/genetiniaiistekliai.lt\/index.php\/wp-json\/wp\/v2\/pages"}],"about":[{"href":"https:\/\/genetiniaiistekliai.lt\/index.php\/wp-json\/wp\/v2\/types\/page"}],"author":[{"embeddable":true,"href":"https:\/\/genetiniaiistekliai.lt\/index.php\/wp-json\/wp\/v2\/users\/1"}],"replies":[{"embeddable":true,"href":"https:\/\/genetiniaiistekliai.lt\/index.php\/wp-json\/wp\/v2\/comments?post=31970"}],"version-history":[{"count":38,"href":"https:\/\/genetiniaiistekliai.lt\/index.php\/wp-json\/wp\/v2\/pages\/31970\/revisions"}],"predecessor-version":[{"id":32418,"href":"https:\/\/genetiniaiistekliai.lt\/index.php\/wp-json\/wp\/v2\/pages\/31970\/revisions\/32418"}],"wp:attachment":[{"href":"https:\/\/genetiniaiistekliai.lt\/index.php\/wp-json\/wp\/v2\/media?parent=31970"}],"curies":[{"name":"wp","href":"https:\/\/api.w.org\/{rel}","templated":true}]}}