{"id":31949,"date":"2026-04-10T07:45:51","date_gmt":"2026-04-10T07:45:51","guid":{"rendered":"https:\/\/genetiniaiistekliai.premiumspace24.com\/?page_id=31949"},"modified":"2026-04-22T04:42:36","modified_gmt":"2026-04-22T04:42:36","slug":"veikla","status":"publish","type":"page","link":"https:\/\/genetiniaiistekliai.lt\/index.php\/veikla\/","title":{"rendered":"Veikla"},"content":{"rendered":"<div class=\"wpb-content-wrapper\"><p>[vc_row][vc_column][vc_raw_html css=&#8221;&#8221;]JTNDJTIxLS0lMjAlM0QlM0QlM0QlM0QlM0QlM0QlM0QlM0QlM0QlM0QlM0QlM0QlM0QlM0QlM0QlM0QlM0QlM0QlM0QlM0QlM0QlMjAtLSUzRSUwRCUwQSUzQyUyMS0tJTIwRE9LVU1FTlQlQzUlQjIlMjBJTlRSTyUyMFNFS0NJSkElMjAtLSUzRSUwRCUwQSUzQyUyMS0tJTIwJTNEJTNEJTNEJTNEJTNEJTNEJTNEJTNEJTNEJTNEJTNEJTNEJTNEJTNEJTNEJTNEJTNEJTNEJTNEJTNEJTNEJTIwLS0lM0UlMEQlMEElM0NzZWN0aW9uJTIwY2xhc3MlM0QlMjJkb2t1bWVudGFpLWludHJvLXNlY3Rpb24lMjIlM0UlMEQlMEElMEQlMEElMjAlMjAlM0NkaXYlMjBjbGFzcyUzRCUyMmRva3VtZW50YWktaW50cm8tY29udGFpbmVyJTIyJTNFJTBEJTBBJTBEJTBBJTIwJTIwJTIwJTIwJTNDJTIxLS0lMjBURUtTVE8lMjBCTE9LQVMlMjAtLSUzRSUwRCUwQSUyMCUyMCUyMCUyMCUzQ2RpdiUyMGNsYXNzJTNEJTIyZG9rdW1lbnRhaS1pbnRyby1ib3glMjIlM0UlMEQlMEElMEQlMEElMjAlMjAlMjAlMjAlMjAlMjAlM0MlMjEtLSUyME1BJUM1JUJEQSUyMEFOVFJBJUM1JUEwVCVDNCU5NiUyMC0tJTNFJTBEJTBBJTIwJTIwJTIwJTIwJTIwJTIwJTNDc3BhbiUyMGNsYXNzJTNEJTIyZG9rdW1lbnRhaS1pbnRyby1sYWJlbCUyMiUzRSUwRCUwQSUyMCUyMCUyMCUyMCUyMCUyMCUyMCUyMERva3VtZW50YWklMEQlMEElMjAlMjAlMjAlMjAlMjAlMjAlM0MlMkZzcGFuJTNFJTBEJTBBJTBEJTBBJTIwJTIwJTIwJTIwJTIwJTIwJTNDJTIxLS0lMjBQQUdSSU5ESU4lQzQlOTYlMjBBTlRSQSVDNSVBMFQlQzQlOTYlMjAtLSUzRSUwRCUwQSUyMCUyMCUyMCUyMCUyMCUyMCUzQ2gyJTNFJTBEJTBBJTIwJTIwJTIwJTIwJTIwJTIwJTIwJTIwVmVpa2wlQzQlODUlMjByZWdsYW1lbnR1b2phbnR5cyUyMGRva3VtZW50YWklMEQlMEElMjAlMjAlMjAlMjAlMjAlMjAlM0MlMkZoMiUzRSUwRCUwQSUwRCUwQSUyMCUyMCUyMCUyMCUyMCUyMCUzQyUyMS0tJTIwQVBSQSVDNSVBMFlNQVMlMjAtLSUzRSUwRCUwQSUyMCUyMCUyMCUyMCUyMCUyMCUzQ3AlM0UlMEQlMEElMjAlMjAlMjAlMjAlMjAlMjAlMjAlMjAlQzUlQTBpb2plJTIwc2tpbHR5amUlMjBwYXRlaWtpYW1pJTIwVUFCJTIwJUUyJTgwJTlFR2VuZXRpbmlhaSUyMGklQzUlQTF0ZWtsaWFpJUUyJTgwJTlDJTIwdmVpa2wlQzQlODUlMjByZWdsYW1lbnR1b2phbnR5cyUyMGRva3VtZW50YWklMkMlMEQlMEElMjAlMjAlMjAlMjAlMjAlMjAlMjAlMjBzdXNpaiVDNCU5OSUyMHN1JTIwYmVuZHJvdiVDNCU5N3MlMjBzdHJhdGVnaW5pYWlzJTIwdGlrc2xhaXMlMkMlMjB2YWxzdHliJUM0JTk3cyUyMGtlbGlhbWFpcyUyMGwlQzUlQUJrZXMlQzQlOERpYWlzJTIwYmVpJTIwdmVpa2xvcyUyMGtyeXB0aW1pcy4lMEQlMEElMjAlMjAlMjAlMjAlMjAlMjAlMjAlMjBEb2t1bWVudGFpJTIwYXRzcGluZGklMjAlQzQlQUZtb24lQzQlOTdzJTIwdmVpa2xvcyUyMHByaW5jaXB1cyUyQyUyMHByaW9yaXRldHVzJTIwaXIlMjAlQzQlQUZzaXBhcmVpZ29qaW11cyUyMHZ5a2RhbnQlMjBwYXZlc3RhcyUyMGZ1bmtjaWphcy4lMEQlMEElMjAlMjAlMjAlMjAlMjAlMjAlM0MlMkZwJTNFJTBEJTBBJTBEJTBBJTIwJTIwJTIwJTIwJTNDJTJGZGl2JTNFJTBEJTBBJTBEJTBBJTIwJTIwJTNDJTJGZGl2JTNFJTBEJTBBJTBEJTBBJTNDJTJGc2VjdGlvbiUzRQ==[\/vc_raw_html][\/vc_column][\/vc_row][vc_row][vc_column]<div class=\"basel-button-wrapper text-center btn-inline\"><a href=\"https:\/\/genetiniaiistekliai.premiumspace24.com\/wp-content\/uploads\/2026\/04\/isakymas-ir-uab-genetiniai-istekliai-lukesciu-rastas1.pdf\" title=\"\" target=\"_blank\" class=\"btn btn-color-primary btn-style-round btn-size-large\">\u012esakymas ir UAB ,,Genetiniai i\u0161tekliai'' l\u016bkes\u010di\u0173 ra\u0161tas1.pdf<\/a><\/div>[\/vc_column][\/vc_row][vc_row][vc_column]<div class=\"basel-button-wrapper text-center btn-inline\"><a href=\"https:\/\/genetiniaiistekliai.premiumspace24.com\/wp-content\/uploads\/2026\/04\/Rastas-del-valstybes-siekiamu-tikslu-ir-keliamu-lukesciu-UAB-Genetiniai-istekliai1.docx\" title=\"\" target=\"_blank\" class=\"btn btn-color-primary btn-style-round btn-size-large\"> Ra\u0161tas d\u0117l valstybes siekiamu tikslu ir keliamu l\u016bkes\u010di\u0173 ,,UAB ,,Genetiniai i\u0161tekliai''1.docx<\/a><\/div>[\/vc_column][\/vc_row][vc_row][vc_column]<div class=\"basel-button-wrapper text-center btn-inline\"><a href=\"https:\/\/genetiniaiistekliai.premiumspace24.com\/wp-content\/uploads\/2026\/04\/Rastas-del-valstybes-siekiamu-tikslu-ir-keliamu-lukesciu-UAB-Genetiniai-istekliai-.docx\" title=\"\" target=\"_blank\" class=\"btn btn-color-primary btn-style-round btn-size-large\">Ra\u0161tas d\u0117l valstybes siekiamu tikslu ir keliamu l\u016bkes\u010di\u0173 UAB ,,Genetiniai i\u0161tekliai''--.docx<\/a><\/div>[\/vc_column][\/vc_row]<\/p>\n<\/div>","protected":false},"excerpt":{"rendered":"<p>[vc_row][vc_column][vc_raw_html css=&#8221;&#8221;]JTNDJTIxLS0lMjAlM0QlM0QlM0QlM0QlM0QlM0QlM0QlM0QlM0QlM0QlM0QlM0QlM0QlM0QlM0QlM0QlM0QlM0QlM0QlM0QlM0QlMjAtLSUzRSUwRCUwQSUzQyUyMS0tJTIwRE9LVU1FTlQlQzUlQjIlMjBJTlRSTyUyMFNFS0NJSkElMjAtLSUzRSUwRCUwQSUzQyUyMS0tJTIwJTNEJTNEJTNEJTNEJTNEJTNEJTNEJTNEJTNEJTNEJTNEJTNEJTNEJTNEJTNEJTNEJTNEJTNEJTNEJTNEJTNEJTIwLS0lM0UlMEQlMEElM0NzZWN0aW9uJTIwY2xhc3MlM0QlMjJkb2t1bWVudGFpLWludHJvLXNlY3Rpb24lMjIlM0UlMEQlMEElMEQlMEElMjAlMjAlM0NkaXYlMjBjbGFzcyUzRCUyMmRva3VtZW50YWktaW50cm8tY29udGFpbmVyJTIyJTNFJTBEJTBBJTBEJTBBJTIwJTIwJTIwJTIwJTNDJTIxLS0lMjBURUtTVE8lMjBCTE9LQVMlMjAtLSUzRSUwRCUwQSUyMCUyMCUyMCUyMCUzQ2RpdiUyMGNsYXNzJTNEJTIyZG9rdW1lbnRhaS1pbnRyby1ib3glMjIlM0UlMEQlMEElMEQlMEElMjAlMjAlMjAlMjAlMjAlMjAlM0MlMjEtLSUyME1BJUM1JUJEQSUyMEFOVFJBJUM1JUEwVCVDNCU5NiUyMC0tJTNFJTBEJTBBJTIwJTIwJTIwJTIwJTIwJTIwJTNDc3BhbiUyMGNsYXNzJTNEJTIyZG9rdW1lbnRhaS1pbnRyby1sYWJlbCUyMiUzRSUwRCUwQSUyMCUyMCUyMCUyMCUyMCUyMCUyMCUyMERva3VtZW50YWklMEQlMEElMjAlMjAlMjAlMjAlMjAlMjAlM0MlMkZzcGFuJTNFJTBEJTBBJTBEJTBBJTIwJTIwJTIwJTIwJTIwJTIwJTNDJTIxLS0lMjBQQUdSSU5ESU4lQzQlOTYlMjBBTlRSQSVDNSVBMFQlQzQlOTYlMjAtLSUzRSUwRCUwQSUyMCUyMCUyMCUyMCUyMCUyMCUzQ2gyJTNFJTBEJTBBJTIwJTIwJTIwJTIwJTIwJTIwJTIwJTIwVmVpa2wlQzQlODUlMjByZWdsYW1lbnR1b2phbnR5cyUyMGRva3VtZW50YWklMEQlMEElMjAlMjAlMjAlMjAlMjAlMjAlM0MlMkZoMiUzRSUwRCUwQSUwRCUwQSUyMCUyMCUyMCUyMCUyMCUyMCUzQyUyMS0tJTIwQVBSQSVDNSVBMFlNQVMlMjAtLSUzRSUwRCUwQSUyMCUyMCUyMCUyMCUyMCUyMCUzQ3AlM0UlMEQlMEElMjAlMjAlMjAlMjAlMjAlMjAlMjAlMjAlQzUlQTBpb2plJTIwc2tpbHR5amUlMjBwYXRlaWtpYW1pJTIwVUFCJTIwJUUyJTgwJTlFR2VuZXRpbmlhaSUyMGklQzUlQTF0ZWtsaWFpJUUyJTgwJTlDJTIwdmVpa2wlQzQlODUlMjByZWdsYW1lbnR1b2phbnR5cyUyMGRva3VtZW50YWklMkMlMEQlMEElMjAlMjAlMjAlMjAlMjAlMjAlMjAlMjBzdXNpaiVDNCU5OSUyMHN1JTIwYmVuZHJvdiVDNCU5N3MlMjBzdHJhdGVnaW5pYWlzJTIwdGlrc2xhaXMlMkMlMjB2YWxzdHliJUM0JTk3cyUyMGtlbGlhbWFpcyUyMGwlQzUlQUJrZXMlQzQlOERpYWlzJTIwYmVpJTIwdmVpa2xvcyUyMGtyeXB0aW1pcy4lMEQlMEElMjAlMjAlMjAlMjAlMjAlMjAlMjAlMjBEb2t1bWVudGFpJTIwYXRzcGluZGklMjAlQzQlQUZtb24lQzQlOTdzJTIwdmVpa2xvcyUyMHByaW5jaXB1cyUyQyUyMHByaW9yaXRldHVzJTIwaXIlMjAlQzQlQUZzaXBhcmVpZ29qaW11cyUyMHZ5a2RhbnQlMjBwYXZlc3RhcyUyMGZ1bmtjaWphcy4lMEQlMEElMjAlMjAlMjAlMjAlMjAlMjAlM0MlMkZwJTNFJTBEJTBBJTBEJTBBJTIwJTIwJTIwJTIwJTNDJTJGZGl2JTNFJTBEJTBBJTBEJTBBJTIwJTIwJTNDJTJGZGl2JTNFJTBEJTBBJTBEJTBBJTNDJTJGc2VjdGlvbiUzRQ==[\/vc_raw_html][\/vc_column][\/vc_row][vc_row][vc_column][\/vc_column][\/vc_row][vc_row][vc_column][\/vc_column][\/vc_row][vc_row][vc_column][\/vc_column][\/vc_row]<\/p>\n","protected":false},"author":1,"featured_media":0,"parent":0,"menu_order":0,"comment_status":"closed","ping_status":"closed","template":"","meta":{"footnotes":""},"class_list":["post-31949","page","type-page","status-publish","hentry"],"_links":{"self":[{"href":"https:\/\/genetiniaiistekliai.lt\/index.php\/wp-json\/wp\/v2\/pages\/31949","targetHints":{"allow":["GET"]}}],"collection":[{"href":"https:\/\/genetiniaiistekliai.lt\/index.php\/wp-json\/wp\/v2\/pages"}],"about":[{"href":"https:\/\/genetiniaiistekliai.lt\/index.php\/wp-json\/wp\/v2\/types\/page"}],"author":[{"embeddable":true,"href":"https:\/\/genetiniaiistekliai.lt\/index.php\/wp-json\/wp\/v2\/users\/1"}],"replies":[{"embeddable":true,"href":"https:\/\/genetiniaiistekliai.lt\/index.php\/wp-json\/wp\/v2\/comments?post=31949"}],"version-history":[{"count":10,"href":"https:\/\/genetiniaiistekliai.lt\/index.php\/wp-json\/wp\/v2\/pages\/31949\/revisions"}],"predecessor-version":[{"id":32344,"href":"https:\/\/genetiniaiistekliai.lt\/index.php\/wp-json\/wp\/v2\/pages\/31949\/revisions\/32344"}],"wp:attachment":[{"href":"https:\/\/genetiniaiistekliai.lt\/index.php\/wp-json\/wp\/v2\/media?parent=31949"}],"curies":[{"name":"wp","href":"https:\/\/api.w.org\/{rel}","templated":true}]}}