{"id":31943,"date":"2026-04-10T07:43:06","date_gmt":"2026-04-10T07:43:06","guid":{"rendered":"https:\/\/genetiniaiistekliai.premiumspace24.com\/?page_id=31943"},"modified":"2026-04-21T17:30:07","modified_gmt":"2026-04-21T17:30:07","slug":"pareigybiu-sarasas","status":"publish","type":"page","link":"https:\/\/genetiniaiistekliai.lt\/index.php\/pareigybiu-sarasas\/","title":{"rendered":"Pareigybi\u0173 s\u0105ra\u0161as"},"content":{"rendered":"<div class=\"wpb-content-wrapper\"><p>[vc_row][vc_column][vc_raw_html css=&#8221;&#8221;]JTNDc2VjdGlvbiUyMGNsYXNzJTNEJTIyaW5mby1zZWN0aW9uJTIyJTNFJTBEJTBBJTIwJTIwJTNDZGl2JTIwY2xhc3MlM0QlMjJpbmZvLWNvbnRhaW5lciUyMiUzRSUwRCUwQSUyMCUyMCUyMCUyMCUzQ2RpdiUyMGNsYXNzJTNEJTIyaW5mby1ib3glMjIlM0UlMEQlMEElMjAlMjAlMjAlMjAlMjAlMjAlM0NzcGFuJTIwY2xhc3MlM0QlMjJpbmZvLWxhYmVsJTIyJTNFUGVyc29uYWxvJTIwaW5mb3JtYWNpamElM0MlMkZzcGFuJTNFJTBEJTBBJTIwJTIwJTIwJTIwJTIwJTIwJTNDaDIlM0VQYXJlaWd5YmklQzUlQjMlMjBzJUM0JTg1cmElQzUlQTFhcyUzQyUyRmgyJTNFJTBEJTBBJTIwJTIwJTIwJTIwJTIwJTIwJTNDcCUzRSUwRCUwQSUyMCUyMCUyMCUyMCUyMCUyMCUyMCUyMCVDNSVBMGlvamUlMjBza2lsdHlqZSUyMHBhdGVpa2lhbWFzJTIwVUFCJTIwJUUyJTgwJTlFR2VuZXRpbmlhaSUyMGklQzUlQTF0ZWtsaWFpJUUyJTgwJTlDJTIwcGFyZWlneWJpJUM1JUIzJTIwcyVDNCU4NXJhJUM1JUExYXMuJTBEJTBBJTIwJTIwJTIwJTIwJTIwJTIwJTIwJTIwSW5mb3JtYWNpamElMjBhcGltYSUyMGJlbmRyb3YlQzQlOTdqZSUyMHBhdHZpcnRpbnRhcyUyMHBhcmVpZ3liZXMlMjBpciUyMHBhZGVkYSUyMGFpJUM1JUExa2lhaSUwRCUwQSUyMCUyMCUyMCUyMCUyMCUyMCUyMCUyMHN1cHJhc3RpJTIwZGFyYnVvdG9qJUM1JUIzJTIwZnVua2NpaiVDNSVCMyUyMGJlaSUyMGF0c2Frb215YmklQzUlQjMlMjBwYXNpc2tpcnN0eW0lQzQlODUuJTBEJTBBJTIwJTIwJTIwJTIwJTIwJTIwJTNDJTJGcCUzRSUwRCUwQSUyMCUyMCUyMCUyMCUzQyUyRmRpdiUzRSUwRCUwQSUyMCUyMCUzQyUyRmRpdiUzRSUwRCUwQSUzQyUyRnNlY3Rpb24lM0U=[\/vc_raw_html][\/vc_column][\/vc_row][vc_row][vc_column]<div class=\"basel-button-wrapper text-center btn-inline\"><a href=\"https:\/\/genetiniaiistekliai.premiumspace24.com\/wp-content\/uploads\/2026\/04\/Isakymas-del-pareigybiu-saraso-patvirtinimo.docx\" title=\"\" target=\"_blank\" class=\"btn btn-color-primary btn-style-round btn-size-large\">\u012esakymas d\u0117l pareigybi\u0173 sara\u0161o patvirtinimo.docx<\/a><\/div>[\/vc_column][\/vc_row][vc_row][vc_column]<div class=\"basel-button-wrapper text-center btn-inline\"><a href=\"https:\/\/genetiniaiistekliai.premiumspace24.com\/wp-content\/uploads\/2026\/04\/UAB-Genetiniai-istekliai-pareigybiu-sarasas.docx\" title=\"\" target=\"_blank\" class=\"btn btn-color-primary btn-style-round btn-size-large\">UAB ,,Genetiniai i\u0161tekliai pareigybi\u0173 sara\u0161as.docx<\/a><\/div>[\/vc_column][\/vc_row]<\/p>\n<\/div>","protected":false},"excerpt":{"rendered":"<p>[vc_row][vc_column][vc_raw_html css=&#8221;&#8221;]JTNDc2VjdGlvbiUyMGNsYXNzJTNEJTIyaW5mby1zZWN0aW9uJTIyJTNFJTBEJTBBJTIwJTIwJTNDZGl2JTIwY2xhc3MlM0QlMjJpbmZvLWNvbnRhaW5lciUyMiUzRSUwRCUwQSUyMCUyMCUyMCUyMCUzQ2RpdiUyMGNsYXNzJTNEJTIyaW5mby1ib3glMjIlM0UlMEQlMEElMjAlMjAlMjAlMjAlMjAlMjAlM0NzcGFuJTIwY2xhc3MlM0QlMjJpbmZvLWxhYmVsJTIyJTNFUGVyc29uYWxvJTIwaW5mb3JtYWNpamElM0MlMkZzcGFuJTNFJTBEJTBBJTIwJTIwJTIwJTIwJTIwJTIwJTNDaDIlM0VQYXJlaWd5YmklQzUlQjMlMjBzJUM0JTg1cmElQzUlQTFhcyUzQyUyRmgyJTNFJTBEJTBBJTIwJTIwJTIwJTIwJTIwJTIwJTNDcCUzRSUwRCUwQSUyMCUyMCUyMCUyMCUyMCUyMCUyMCUyMCVDNSVBMGlvamUlMjBza2lsdHlqZSUyMHBhdGVpa2lhbWFzJTIwVUFCJTIwJUUyJTgwJTlFR2VuZXRpbmlhaSUyMGklQzUlQTF0ZWtsaWFpJUUyJTgwJTlDJTIwcGFyZWlneWJpJUM1JUIzJTIwcyVDNCU4NXJhJUM1JUExYXMuJTBEJTBBJTIwJTIwJTIwJTIwJTIwJTIwJTIwJTIwSW5mb3JtYWNpamElMjBhcGltYSUyMGJlbmRyb3YlQzQlOTdqZSUyMHBhdHZpcnRpbnRhcyUyMHBhcmVpZ3liZXMlMjBpciUyMHBhZGVkYSUyMGFpJUM1JUExa2lhaSUwRCUwQSUyMCUyMCUyMCUyMCUyMCUyMCUyMCUyMHN1cHJhc3RpJTIwZGFyYnVvdG9qJUM1JUIzJTIwZnVua2NpaiVDNSVCMyUyMGJlaSUyMGF0c2Frb215YmklQzUlQjMlMjBwYXNpc2tpcnN0eW0lQzQlODUuJTBEJTBBJTIwJTIwJTIwJTIwJTIwJTIwJTNDJTJGcCUzRSUwRCUwQSUyMCUyMCUyMCUyMCUzQyUyRmRpdiUzRSUwRCUwQSUyMCUyMCUzQyUyRmRpdiUzRSUwRCUwQSUzQyUyRnNlY3Rpb24lM0U=[\/vc_raw_html][\/vc_column][\/vc_row][vc_row][vc_column][\/vc_column][\/vc_row][vc_row][vc_column][\/vc_column][\/vc_row]<\/p>\n","protected":false},"author":1,"featured_media":0,"parent":0,"menu_order":0,"comment_status":"closed","ping_status":"closed","template":"","meta":{"footnotes":""},"class_list":["post-31943","page","type-page","status-publish","hentry"],"_links":{"self":[{"href":"https:\/\/genetiniaiistekliai.lt\/index.php\/wp-json\/wp\/v2\/pages\/31943","targetHints":{"allow":["GET"]}}],"collection":[{"href":"https:\/\/genetiniaiistekliai.lt\/index.php\/wp-json\/wp\/v2\/pages"}],"about":[{"href":"https:\/\/genetiniaiistekliai.lt\/index.php\/wp-json\/wp\/v2\/types\/page"}],"author":[{"embeddable":true,"href":"https:\/\/genetiniaiistekliai.lt\/index.php\/wp-json\/wp\/v2\/users\/1"}],"replies":[{"embeddable":true,"href":"https:\/\/genetiniaiistekliai.lt\/index.php\/wp-json\/wp\/v2\/comments?post=31943"}],"version-history":[{"count":6,"href":"https:\/\/genetiniaiistekliai.lt\/index.php\/wp-json\/wp\/v2\/pages\/31943\/revisions"}],"predecessor-version":[{"id":32310,"href":"https:\/\/genetiniaiistekliai.lt\/index.php\/wp-json\/wp\/v2\/pages\/31943\/revisions\/32310"}],"wp:attachment":[{"href":"https:\/\/genetiniaiistekliai.lt\/index.php\/wp-json\/wp\/v2\/media?parent=31943"}],"curies":[{"name":"wp","href":"https:\/\/api.w.org\/{rel}","templated":true}]}}